{"id":77,"date":"2023-11-02T11:53:36","date_gmt":"2023-11-02T10:53:36","guid":{"rendered":"https:\/\/www.mc-saechsische-schweiz.de\/w4\/?page_id=77"},"modified":"2023-11-02T11:55:32","modified_gmt":"2023-11-02T10:55:32","slug":"impressum","status":"publish","type":"page","link":"https:\/\/www.mc-saechsische-schweiz.de\/w4\/?page_id=77","title":{"rendered":"Impressum"},"content":{"rendered":"\t\t<div data-elementor-type=\"wp-page\" data-elementor-id=\"77\" class=\"elementor elementor-77\">\n\t\t\t\t\t\t<section class=\"elementor-section elementor-top-section elementor-element elementor-element-a6e932e elementor-section-boxed elementor-section-height-default elementor-section-height-default\" data-id=\"a6e932e\" data-element_type=\"section\">\n\t\t\t\t\t\t<div class=\"elementor-container elementor-column-gap-default\">\n\t\t\t\t\t<div class=\"elementor-column elementor-col-100 elementor-top-column elementor-element elementor-element-bd47094\" data-id=\"bd47094\" data-element_type=\"column\">\n\t\t\t<div class=\"elementor-widget-wrap elementor-element-populated\">\n\t\t\t\t\t\t<div class=\"elementor-element elementor-element-876c2c1 elementor-widget elementor-widget-text-editor\" data-id=\"876c2c1\" data-element_type=\"widget\" data-widget_type=\"text-editor.default\">\n\t\t\t\t<div class=\"elementor-widget-container\">\n\t\t\t\t\t\t\t\t\t<section style=\"box-sizing: inherit; display: block; color: rgb(66, 71, 83); font-family: Raleway, Helvetica, Tahoma, Geneva, Arial, sans-serif; font-size: 16px; font-style: normal; font-variant-ligatures: normal; font-variant-caps: normal; font-weight: 400; letter-spacing: normal; orphans: 2; text-align: start; text-indent: 0px; text-transform: none; widows: 2; word-spacing: 0px; -webkit-text-stroke-width: 0px; white-space: normal; background-color: rgb(255, 255, 255); text-decoration-thickness: initial; text-decoration-style: initial; text-decoration-color: initial;\">\n<h2 style=\"box-sizing: inherit; margin: 0.75rem 0px 1.5rem; text-rendering: optimizelegibility; font-size: 1.9rem; font-family: Raleway, Helvetica, Tahoma, Geneva, Arial, sans-serif; font-weight: 400;\">Impressum<\/h2>\n<\/section>\n<section style=\"box-sizing: inherit; display: block; counter-reset: footnotes 0; color: rgb(66, 71, 83); font-family: Raleway, Helvetica, Tahoma, Geneva, Arial, sans-serif; font-size: 16px; font-style: normal; font-variant-ligatures: normal; font-variant-caps: normal; font-weight: 400; letter-spacing: normal; orphans: 2; text-align: start; text-indent: 0px; text-transform: none; widows: 2; word-spacing: 0px; -webkit-text-stroke-width: 0px; white-space: normal; background-color: rgb(255, 255, 255); text-decoration-thickness: initial; text-decoration-style: initial; text-decoration-color: initial;\">\n<p style=\"box-sizing: inherit; margin: 1rem 0px;\"><strong style=\"box-sizing: inherit; font-weight: bold;\">Impressum<\/strong><\/p>\n<p style=\"box-sizing: inherit; margin: 1rem 0px;\">M\u00e4nnerchor S\u00e4chsische Schweiz e.V.<br style=\"box-sizing: inherit;\">Alter Schulweg 68<br style=\"box-sizing: inherit;\">01824 Gohrisch<br style=\"box-sizing: inherit;\"><\/p><p style=\"box-sizing: inherit; margin: 1rem 0px;\">E-Mail :<span> <\/span>vorsitzender@mc-saechsische-schweiz.de<br style=\"box-sizing: inherit;\">Internet: www.mc-saechsische-schweiz.de<\/p>\n\n<p style=\"box-sizing: inherit; margin: 1rem 0px;\">Haftungshinweis: Trotz sorgf\u00e4ltiger inhaltlicher Kontrolle \u00fcbernehmen wir keine Haftung f\u00fcr die Inhalte externer Links. F\u00fcr den Inhalt der verlinkten Seiten sind ausschlie\u00dflich deren Betreiber verantwortlich.<\/p>\n<\/section>\t\t\t\t\t\t\t\t<\/div>\n\t\t\t\t<\/div>\n\t\t\t\t\t<\/div>\n\t\t<\/div>\n\t\t\t\t\t<\/div>\n\t\t<\/section>\n\t\t\t\t<\/div>\n\t\t","protected":false},"excerpt":{"rendered":"<p>Impressum Impressum M\u00e4nnerchor S\u00e4chsische Schweiz e.V.Alter Schulweg 6801824 Gohrisch E-Mail : vorsitzender@mc-saechsische-schweiz.deInternet: www.mc-saechsische-schweiz.de Haftungshinweis: Trotz sorgf\u00e4ltiger inhaltlicher Kontrolle \u00fcbernehmen wir keine Haftung f\u00fcr die Inhalte externer Links. F\u00fcr den Inhalt&hellip;&nbsp;<a href=\"https:\/\/www.mc-saechsische-schweiz.de\/w4\/?page_id=77\" class=\"\" rel=\"bookmark\">Weiterlesen &raquo;<span class=\"screen-reader-text\">Impressum<\/span><\/a><\/p>\n","protected":false},"author":1,"featured_media":0,"parent":0,"menu_order":0,"comment_status":"closed","ping_status":"closed","template":"page-templates\/template-pagebuilder-full-width.php","meta":{"neve_meta_sidebar":"","neve_meta_container":"","neve_meta_enable_content_width":"","neve_meta_content_width":0,"neve_meta_title_alignment":"","neve_meta_author_avatar":"","neve_post_elements_order":"","neve_meta_disable_header":"","neve_meta_disable_footer":"","neve_meta_disable_title":"","footnotes":""},"class_list":["post-77","page","type-page","status-publish","hentry"],"_links":{"self":[{"href":"https:\/\/www.mc-saechsische-schweiz.de\/w4\/index.php?rest_route=\/wp\/v2\/pages\/77","targetHints":{"allow":["GET"]}}],"collection":[{"href":"https:\/\/www.mc-saechsische-schweiz.de\/w4\/index.php?rest_route=\/wp\/v2\/pages"}],"about":[{"href":"https:\/\/www.mc-saechsische-schweiz.de\/w4\/index.php?rest_route=\/wp\/v2\/types\/page"}],"author":[{"embeddable":true,"href":"https:\/\/www.mc-saechsische-schweiz.de\/w4\/index.php?rest_route=\/wp\/v2\/users\/1"}],"replies":[{"embeddable":true,"href":"https:\/\/www.mc-saechsische-schweiz.de\/w4\/index.php?rest_route=%2Fwp%2Fv2%2Fcomments&post=77"}],"version-history":[{"count":4,"href":"https:\/\/www.mc-saechsische-schweiz.de\/w4\/index.php?rest_route=\/wp\/v2\/pages\/77\/revisions"}],"predecessor-version":[{"id":81,"href":"https:\/\/www.mc-saechsische-schweiz.de\/w4\/index.php?rest_route=\/wp\/v2\/pages\/77\/revisions\/81"}],"wp:attachment":[{"href":"https:\/\/www.mc-saechsische-schweiz.de\/w4\/index.php?rest_route=%2Fwp%2Fv2%2Fmedia&parent=77"}],"curies":[{"name":"wp","href":"https:\/\/api.w.org\/{rel}","templated":true}]}}